{"id":102,"date":"2012-08-03T10:31:20","date_gmt":"2012-08-03T09:31:20","guid":{"rendered":"http:\/\/www.mitsl.com\/?page_id=102"},"modified":"2024-11-05T11:19:39","modified_gmt":"2024-11-05T10:19:39","slug":"virus-de-la-policia-desinfeccion","status":"publish","type":"page","link":"https:\/\/www.mitsl.com\/?page_id=102","title":{"rendered":"Nuestras Distribuciones."},"content":{"rendered":"<h2><em>Somos distribuidores de productos de:<\/em><\/h2>\n<h2><em>Centralitas Telefonicas Virtuales.<\/em><\/h2>\n<h3><a href=\"https:\/\/www.mundosms.es\/\"><em>Centralita virtual Mundo Sms<\/em><\/a><\/h3>\n<h3><em>Nec.<\/em><\/h3>\n<h3><em>Avaia<\/em><\/h3>\n<h3><em>Karel<\/em><\/h3>\n<h3><\/h3>\n<h2><em>Programas de Tpv .<\/em><\/h2>\n<h3><em>\u00a0<\/em><span style=\"color: #ff6600;\"><a style=\"color: #ff6600;\" href=\"http:\/\/www.bdpcenter.com\" target=\"_blank\" rel=\"noopener noreferrer\"><em><strong>Bdp.<\/strong>\u00a0<\/em><\/a><em>\u00a0\u00a0<\/em><\/span><\/h3>\n<h3><span style=\"color: #ff6600;\"><a style=\"color: #ff6600;\" href=\"https:\/\/www.pcmira.com\/es\/34-software-tpv\"><em>Siogest- Factory Pos<\/em><\/a><\/span><\/h3>\n<h3><span style=\"color: #ff6600;\"><a style=\"color: #ff6600;\" href=\"https:\/\/www.pcmira.com\/es\/34-software-tpv\"><em>PC Mira<\/em><\/a><\/span><\/h3>\n<h3><span style=\"color: #ff6600;\"><a style=\"color: #ff6600;\" href=\"https:\/\/www.glop.es\/\"><em>Glop Tpv<\/em><\/a><\/span><\/h3>\n<h2><span style=\"color: #000000;\">Dom\u00f3tica.<\/span><\/h2>\n<h3><span style=\"color: #ff6600;\"><em><a style=\"color: #ff6600;\" href=\"http:\/\/www.comelitgroup.com\/es-es\/\">Comelit<\/a><\/em><\/span><\/h3>\n<h2><span style=\"color: #000000;\">Equipos Wifi.<\/span><\/h2>\n<h2><span style=\"color: #ff6600;\"><em><a style=\"color: #ff6600;\" href=\"http:\/\/www.ubnt.com\">Ubiquiti<\/a><\/em><\/span><\/h2>\n<h2><span style=\"color: #ff6600;\"><a style=\"color: #ff6600;\" href=\"http:\/\/www.spc-universe.com\">Telecom y Novatecto<\/a><\/span><\/h2>\n<h2><span style=\"color: #ff6600;\"><a style=\"color: #ff6600;\" href=\"https:\/\/www.zyxel.com\/es\/es\/homepage.shtml\">Zyxel europe<\/a><\/span><\/h2>\n<h3>Cerraduras electr\u00f3nicas<\/h3>\n<h2><a href=\"https:\/\/www.yacan.es\/\"><span style=\"color: #ff6600;\">Yacan Smart<\/span><\/a><\/h2>\n<h2><span style=\"color: #ff6600;\">Azkoyen<\/span><\/h2>\n<h2>Maquinas de cobro autom\u00e0tico<\/h2>\n<p><span style=\"color: #ff6600;\"><strong><em> <a class=\"imglnk\" href=\"https:\/\/www.bing.com\/images\/search?q=azkoyen+m%c3%a1quinas+de+cobro+autom%c3%a1tico&amp;id=BBC06A3D6F58CF4298A3B8053148AFEA7F51B16C&amp;FORM=IQFRBA&amp;PC=U531\"><img loading=\"lazy\" decoding=\"async\" id=\"emb4C1D53F4\" class=\"sgt rms_img\" src=\"https:\/\/www.bing.com\/th?id=OIP.psXYQspCZ_jNG0nODYGU7AHaFQ&amp;w=197&amp;h=102&amp;c=8&amp;rs=1&amp;qlt=70&amp;o=6&amp;pid=3.1&amp;rm=2\" alt=\"Resultado de im\u00e1genes de Azkoyen M\u00e1quinas de cobro autom\u00e1tico\" width=\"197\" height=\"102\" data-src-hq=\"https:\/\/www.bing.com\/th?id=OIP.psXYQspCZ_jNG0nODYGU7AHaFQ&amp;w=197&amp;h=102&amp;c=8&amp;rs=1&amp;qlt=70&amp;o=6&amp;pid=3.1&amp;rm=2\" data-priority=\"2\" data-bm=\"12\" \/><\/a><a class=\"imglnk\" href=\"https:\/\/www.bing.com\/images\/search?q=azkoyen+m%c3%a1quinas+de+cobro+autom%c3%a1tico&amp;id=0ECF500B650C0F3B32615ADDA2E23840E6247862&amp;FORM=IQFRBA&amp;PC=U531\"><img loading=\"lazy\" decoding=\"async\" id=\"emb13208E554\" class=\"sgt rms_img\" src=\"https:\/\/www.bing.com\/th?id=OIP.HX1JKj44lpnkKq44mleQuAHaFr&amp;w=134&amp;h=102&amp;c=8&amp;rs=1&amp;qlt=70&amp;o=6&amp;pid=3.1&amp;rm=2\" alt=\"Resultado de im\u00e1genes de Azkoyen M\u00e1quinas de cobro autom\u00e1tico\" width=\"134\" height=\"102\" data-src-hq=\"https:\/\/www.bing.com\/th?id=OIP.HX1JKj44lpnkKq44mleQuAHaFr&amp;w=134&amp;h=102&amp;c=8&amp;rs=1&amp;qlt=70&amp;o=6&amp;pid=3.1&amp;rm=2\" data-priority=\"2\" data-bm=\"13\" \/><\/a><a class=\"imglnk\" href=\"https:\/\/www.bing.com\/images\/search?q=azkoyen+m%c3%a1quinas+de+cobro+autom%c3%a1tico&amp;id=70DB0EAF0A0CA73382D417CFCCB8761A88937EF3&amp;FORM=IQFRBA&amp;PC=U531\"><img loading=\"lazy\" decoding=\"async\" id=\"emb5646340BA\" class=\"sgt rms_img\" src=\"https:\/\/www.bing.com\/th?id=OIP.7MS5FZdpXMY8zkuGtP1hewHaE8&amp;w=130&amp;h=102&amp;c=8&amp;rs=1&amp;qlt=70&amp;o=6&amp;pid=3.1&amp;rm=2\" alt=\"Resultado de im\u00e1genes de Azkoyen M\u00e1quinas de cobro autom\u00e1tico\" width=\"130\" height=\"102\" data-src-hq=\"https:\/\/www.bing.com\/th?id=OIP.7MS5FZdpXMY8zkuGtP1hewHaE8&amp;w=130&amp;h=102&amp;c=8&amp;rs=1&amp;qlt=70&amp;o=6&amp;pid=3.1&amp;rm=2\" data-priority=\"2\" data-bm=\"17\" \/><\/a><\/em><\/strong><\/span><\/p>\n","protected":false},"excerpt":{"rendered":"<p>Somos distribuidores de productos de: Centralitas Telefonicas Virtuales. Centralita virtual Mundo Sms Nec. Avaia Karel Programas de Tpv . \u00a0Bdp.\u00a0\u00a0\u00a0 [&hellip;]<\/p>\n","protected":false},"author":1,"featured_media":0,"parent":0,"menu_order":0,"comment_status":"closed","ping_status":"closed","template":"","meta":{"site-sidebar-layout":"default","site-content-layout":"","ast-site-content-layout":"default","site-content-style":"default","site-sidebar-style":"default","ast-global-header-display":"","ast-banner-title-visibility":"","ast-main-header-display":"","ast-hfb-above-header-display":"","ast-hfb-below-header-display":"","ast-hfb-mobile-header-display":"","site-post-title":"","ast-breadcrumbs-content":"","ast-featured-img":"","footer-sml-layout":"","ast-disable-related-posts":"","theme-transparent-header-meta":"","adv-header-id-meta":"","stick-header-meta":"","header-above-stick-meta":"","header-main-stick-meta":"","header-below-stick-meta":"","astra-migrate-meta-layouts":"default","ast-page-background-enabled":"default","ast-page-background-meta":{"desktop":{"background-color":"var(--ast-global-color-5)","background-image":"","background-repeat":"repeat","background-position":"center center","background-size":"auto","background-attachment":"scroll","background-type":"","background-media":"","overlay-type":"","overlay-color":"","overlay-opacity":"","overlay-gradient":""},"tablet":{"background-color":"","background-image":"","background-repeat":"repeat","background-position":"center center","background-size":"auto","background-attachment":"scroll","background-type":"","background-media":"","overlay-type":"","overlay-color":"","overlay-opacity":"","overlay-gradient":""},"mobile":{"background-color":"","background-image":"","background-repeat":"repeat","background-position":"center center","background-size":"auto","background-attachment":"scroll","background-type":"","background-media":"","overlay-type":"","overlay-color":"","overlay-opacity":"","overlay-gradient":""}},"ast-content-background-meta":{"desktop":{"background-color":"var(--ast-global-color-4)","background-image":"","background-repeat":"repeat","background-position":"center center","background-size":"auto","background-attachment":"scroll","background-type":"","background-media":"","overlay-type":"","overlay-color":"","overlay-opacity":"","overlay-gradient":""},"tablet":{"background-color":"var(--ast-global-color-4)","background-image":"","background-repeat":"repeat","background-position":"center center","background-size":"auto","background-attachment":"scroll","background-type":"","background-media":"","overlay-type":"","overlay-color":"","overlay-opacity":"","overlay-gradient":""},"mobile":{"background-color":"var(--ast-global-color-4)","background-image":"","background-repeat":"repeat","background-position":"center center","background-size":"auto","background-attachment":"scroll","background-type":"","background-media":"","overlay-type":"","overlay-color":"","overlay-opacity":"","overlay-gradient":""}},"footnotes":""},"class_list":["post-102","page","type-page","status-publish","hentry"],"_links":{"self":[{"href":"https:\/\/www.mitsl.com\/index.php?rest_route=\/wp\/v2\/pages\/102","targetHints":{"allow":["GET"]}}],"collection":[{"href":"https:\/\/www.mitsl.com\/index.php?rest_route=\/wp\/v2\/pages"}],"about":[{"href":"https:\/\/www.mitsl.com\/index.php?rest_route=\/wp\/v2\/types\/page"}],"author":[{"embeddable":true,"href":"https:\/\/www.mitsl.com\/index.php?rest_route=\/wp\/v2\/users\/1"}],"replies":[{"embeddable":true,"href":"https:\/\/www.mitsl.com\/index.php?rest_route=%2Fwp%2Fv2%2Fcomments&post=102"}],"version-history":[{"count":22,"href":"https:\/\/www.mitsl.com\/index.php?rest_route=\/wp\/v2\/pages\/102\/revisions"}],"predecessor-version":[{"id":670,"href":"https:\/\/www.mitsl.com\/index.php?rest_route=\/wp\/v2\/pages\/102\/revisions\/670"}],"wp:attachment":[{"href":"https:\/\/www.mitsl.com\/index.php?rest_route=%2Fwp%2Fv2%2Fmedia&parent=102"}],"curies":[{"name":"wp","href":"https:\/\/api.w.org\/{rel}","templated":true}]}}