{"id":17,"date":"2009-11-29T23:44:04","date_gmt":"2009-11-29T22:44:04","guid":{"rendered":"http:\/\/www.mitsl.com\/?page_id=17"},"modified":"2017-09-25T18:24:13","modified_gmt":"2017-09-25T17:24:13","slug":"creacion-de-pagina-web","status":"publish","type":"page","link":"https:\/\/www.mitsl.com\/?page_id=17","title":{"rendered":"Creaci\u00f3n de Pagina Web"},"content":{"rendered":"<p><a href=\"http:\/\/www.sudominio.com\/\">WWW.SUDOMINIO.COM<\/a>\u00a0\u00a0\u00a0\u00a0 NET\u00a0 ORG ES<\/p>\n<p>La creaci\u00f3n de la \u00a0Web de su empresa\u00a0cada d\u00eda tiene mas importancia en el sector, para nuestros proyectos de venta debemos estar en el lugar preciso es siempre negocio,\u00a0contamos con un amplio equipo de profesionales del\u00a0 sector y \u00a0con los medios de gesti\u00f3n y marketing mas avanzado\u00a0 del mercado .Cons\u00faltenos sin compromiso. Tenemos un proyecto a su medida.<\/p>\n<p align=\"right\"><a href=\"mailto:clientes@mitsl.com\">clientes@mitsl.com<\/a><\/p>\n<p style=\"text-align: center;\">Hoy mas que nunca las paginas web tienen que ser funcionales, r\u00e1pidas, con un dise\u00f1o atractivo, pensadas para posicionarse en los buscadores, sin dejar de lado la usabilidad. Sabemos como hacer todo esto y darle adem\u00e1s nuestro valor a\u00f1adido, resultado de toda nuestra experiencia. Podemos guiarte y ayudarte con tu proyecto.<\/p>\n<p style=\"text-align: center;\">Somos especialistas \u00a0en Search Engine Optimization &#8211; optimizaci\u00f3n de p\u00e1ginas web para su posicionamiento en buscadores.<\/p>\n<p style=\"text-align: center;\">A trav\u00e9s de la p\u00e1gina web, usted o su empresa esta presente, las 24 hs del d\u00eda, los 365 d\u00edas del a\u00f1o, llegando a todo el mundo.<\/p>\n<p style=\"text-align: center;\">Es importante marcar la diferencia por nuestro servicio, as\u00ed como por la capacidad para para responder a las m\u00faltiples necesidades que significa desarrollar una P\u00e1gina Web. Nuestro tabajo no es solo la creaci\u00f3n de su Sitio, sino luego acompa\u00f1arlo d\u00eda a d\u00eda.<\/p>\n<p style=\"text-align: center;\">\n","protected":false},"excerpt":{"rendered":"<p>WWW.SUDOMINIO.COM\u00a0\u00a0\u00a0\u00a0 NET\u00a0 ORG ES La creaci\u00f3n de la \u00a0Web de su empresa\u00a0cada d\u00eda tiene mas importancia en el sector, para [&hellip;]<\/p>\n","protected":false},"author":1,"featured_media":0,"parent":0,"menu_order":0,"comment_status":"closed","ping_status":"closed","template":"","meta":{"site-sidebar-layout":"default","site-content-layout":"","ast-site-content-layout":"default","site-content-style":"default","site-sidebar-style":"default","ast-global-header-display":"","ast-banner-title-visibility":"","ast-main-header-display":"","ast-hfb-above-header-display":"","ast-hfb-below-header-display":"","ast-hfb-mobile-header-display":"","site-post-title":"","ast-breadcrumbs-content":"","ast-featured-img":"","footer-sml-layout":"","ast-disable-related-posts":"","theme-transparent-header-meta":"","adv-header-id-meta":"","stick-header-meta":"","header-above-stick-meta":"","header-main-stick-meta":"","header-below-stick-meta":"","astra-migrate-meta-layouts":"default","ast-page-background-enabled":"default","ast-page-background-meta":{"desktop":{"background-color":"var(--ast-global-color-5)","background-image":"","background-repeat":"repeat","background-position":"center center","background-size":"auto","background-attachment":"scroll","background-type":"","background-media":"","overlay-type":"","overlay-color":"","overlay-opacity":"","overlay-gradient":""},"tablet":{"background-color":"","background-image":"","background-repeat":"repeat","background-position":"center center","background-size":"auto","background-attachment":"scroll","background-type":"","background-media":"","overlay-type":"","overlay-color":"","overlay-opacity":"","overlay-gradient":""},"mobile":{"background-color":"","background-image":"","background-repeat":"repeat","background-position":"center center","background-size":"auto","background-attachment":"scroll","background-type":"","background-media":"","overlay-type":"","overlay-color":"","overlay-opacity":"","overlay-gradient":""}},"ast-content-background-meta":{"desktop":{"background-color":"var(--ast-global-color-4)","background-image":"","background-repeat":"repeat","background-position":"center center","background-size":"auto","background-attachment":"scroll","background-type":"","background-media":"","overlay-type":"","overlay-color":"","overlay-opacity":"","overlay-gradient":""},"tablet":{"background-color":"var(--ast-global-color-4)","background-image":"","background-repeat":"repeat","background-position":"center center","background-size":"auto","background-attachment":"scroll","background-type":"","background-media":"","overlay-type":"","overlay-color":"","overlay-opacity":"","overlay-gradient":""},"mobile":{"background-color":"var(--ast-global-color-4)","background-image":"","background-repeat":"repeat","background-position":"center center","background-size":"auto","background-attachment":"scroll","background-type":"","background-media":"","overlay-type":"","overlay-color":"","overlay-opacity":"","overlay-gradient":""}},"footnotes":""},"class_list":["post-17","page","type-page","status-publish","hentry"],"_links":{"self":[{"href":"https:\/\/www.mitsl.com\/index.php?rest_route=\/wp\/v2\/pages\/17","targetHints":{"allow":["GET"]}}],"collection":[{"href":"https:\/\/www.mitsl.com\/index.php?rest_route=\/wp\/v2\/pages"}],"about":[{"href":"https:\/\/www.mitsl.com\/index.php?rest_route=\/wp\/v2\/types\/page"}],"author":[{"embeddable":true,"href":"https:\/\/www.mitsl.com\/index.php?rest_route=\/wp\/v2\/users\/1"}],"replies":[{"embeddable":true,"href":"https:\/\/www.mitsl.com\/index.php?rest_route=%2Fwp%2Fv2%2Fcomments&post=17"}],"version-history":[{"count":8,"href":"https:\/\/www.mitsl.com\/index.php?rest_route=\/wp\/v2\/pages\/17\/revisions"}],"predecessor-version":[{"id":194,"href":"https:\/\/www.mitsl.com\/index.php?rest_route=\/wp\/v2\/pages\/17\/revisions\/194"}],"wp:attachment":[{"href":"https:\/\/www.mitsl.com\/index.php?rest_route=%2Fwp%2Fv2%2Fmedia&parent=17"}],"curies":[{"name":"wp","href":"https:\/\/api.w.org\/{rel}","templated":true}]}}