{"id":206,"date":"2017-09-25T19:09:14","date_gmt":"2017-09-25T18:09:14","guid":{"rendered":"http:\/\/www.mitsl.com\/?page_id=206"},"modified":"2017-09-26T07:44:51","modified_gmt":"2017-09-26T06:44:51","slug":"domotica-profesional-y-para-el-hogar","status":"publish","type":"page","link":"https:\/\/www.mitsl.com\/?page_id=206","title":{"rendered":"Dom\u00f3tica. Profesional y para el Hogar"},"content":{"rendered":"<p>Que es la dom\u00f3tica?<\/p>\n<p>Se llama dom\u00f3tica a los sistemas capaces de automatizar una vivienda o edificaci\u00f3n de cualquier tipo, aportando servicios de gesti\u00f3n energ\u00e9tica, seguridad, bienestar y comunicaci\u00f3n, y que pueden estar integrados por medio de redes interiores y exteriores de comunicaci\u00f3n, cableadas o inal\u00e1mbricas, y cuyo control goza de cierta ubicuidad, desde dentro y fuera del hogar. Se podr\u00eda definir como la integraci\u00f3n de la tecnolog\u00eda en el dise\u00f1o inteligente de un recinto cerrado.<\/p>\n<p>El t\u00e9rmino dom\u00f3tica viene de la uni\u00f3n de las palabras domus (que significa casa en lat\u00edn) y tica (de autom\u00e1tica, palabra en griego, \u2018que funciona por s\u00ed sola\u2019)<\/p>\n<p>Aplicaciones<br \/>\nLos servicios que ofrece la dom\u00f3tica se pueden agrupar seg\u00fan cinco aspectos o \u00e1mbitos principales:<\/p>\n<p>Programaci\u00f3n y ahorro energ\u00e9tico<br \/>\nEl ahorro energ\u00e9tico no es algo tangible, sino legible con un concepto al que se puede llegar de muchas maneras. En muchos casos no es necesario sustituir los aparatos o sistemas del hogar por otros que consuman menos energ\u00eda sino una gesti\u00f3n eficiente de los mismos.<\/p>\n<p>Climatizaci\u00f3n y calderas: programaci\u00f3n y zonificaci\u00f3n, pudi\u00e9ndose utilizar un termostato.<br \/>\nSe pueden encender o apagar la caldera usando un control de enchufe, mediante telefon\u00eda m\u00f3vil, fija, Wi-Fi o Ethernet.<br \/>\nControl de toldos y persianas el\u00e9ctricas, realizando algunas funciones repetitivas autom\u00e1ticamente o bien por el usuario manualmente mediante un mando a distancia:<br \/>\nProteger autom\u00e1ticamente el toldo del viento, con un mismo sensor de viento que actu\u00e9 sobre todos los toldos.<br \/>\nProtecci\u00f3n autom\u00e1tica del sol, mediante un mismo sensor de sol que actu\u00e9 sobre todos los toldos y persianas.<br \/>\nCon un mando a distancia o control central se puede accionar un producto o agrupaci\u00f3n de productos y activar o desactivar el funcionamiento del sensor.<br \/>\nGesti\u00f3n el\u00e9ctrica:<br \/>\nRacionalizaci\u00f3n de cargas el\u00e9ctricas: desconexi\u00f3n de equipos de uso no prioritario en funci\u00f3n del consumo el\u00e9ctrico en un momento dado<br \/>\nGesti\u00f3n de tarifas, derivando el funcionamiento de algunos aparatos a horas de tarifa reducida<br \/>\nConfort<br \/>\nEl confort conlleva todas las actuaciones que se puedan llevar a cabo que mejoren la comodidad en una vivienda. Dichas actuaciones pueden ser de car\u00e1cter tanto pasivo, como activo o mixtas.<\/p>\n<p>Iluminaci\u00f3n:<br \/>\nApagado general de todas las luces de la vivienda<br \/>\nAutomatizaci\u00f3n del apagado\/encendido en cada punto de luz<br \/>\nRegulaci\u00f3n de la iluminaci\u00f3n seg\u00fan el nivel de luminosidad ambiente<br \/>\nAutomatizaci\u00f3n de todos los distintos sistemas\/instalaciones\/dot\u00e1ndolos de control eficiente y de f\u00e1cil manejo<br \/>\nIntegraci\u00f3n del portero al tel\u00e9fono, o del videoportero al televisor<br \/>\nControl v\u00eda Internet<br \/>\nGesti\u00f3n Multimedia y del ocio electr\u00f3nicos<br \/>\nGeneraci\u00f3n de macros y programas de forma sencilla para el usuario y automatizaci\u00f3n.<br \/>\nSeguridad.<br \/>\nConsiste en una red de seguridad encargada de proteger tanto los bienes patrimoniales, como la seguridad personal y la vida.<\/p>\n<p>Alarmas de intrusi\u00f3n (antiintrusi\u00f3n): Se utilizan para detectar o prevenir la presencia de personas extra\u00f1as en una vivienda o edificio.<br \/>\nDetecci\u00f3n de un posible intruso (Detectores volum\u00e9tricos o perimetrales).<br \/>\nCierre de persianas puntual y seguro.<br \/>\nSimulaci\u00f3n de presencia.<br \/>\nDetectores y alarmas de detecci\u00f3n de incendios (detector de calor, detector de humo), detector de gas (fugas de gas, para cocinas no el\u00e9ctricas), escapes de agua e inundaci\u00f3n, concentraci\u00f3n de mon\u00f3xido de carbono en garajes cuando se usan veh\u00edculos de combusti\u00f3n.<br \/>\nAlerta m\u00e9dica y teleasistencia.<br \/>\nAcceso a c\u00e1maras IP.<br \/>\nA modo de ejemplo, un detector de humo colocado en una cocina el\u00e9ctrica, podr\u00eda apagarla, cortando la electricidad que va a la misma, cuando se detecte un incendio.<\/p>\n<p>Comunicaciones<br \/>\nSon los sistemas o infraestructuras de comunicaciones que posee el hogar.<\/p>\n<p>Ubicuidad en el control tanto externo como interno, control remoto desde Internet, PC, mandos inal\u00e1mbricos (p.ej. PDA con Wi-Fi), aparellaje el\u00e9ctrico.<br \/>\nTeleasistencia.<br \/>\nTelemantenimiento.<br \/>\nInformes de consumo y costes.<br \/>\nTransmisi\u00f3n de alarmas.<br \/>\nIntercomunicaciones.<br \/>\nTelefonillos y videoporteros.<br \/>\nAccesibilidad[editar]<br \/>\nBajo este ep\u00edgrafe se incluyen las aplicaciones o instalaciones de control remoto del entorno que favorecen la autonom\u00eda personal de personas con limitaciones funcionales, o discapacidad.<\/p>\n<p>El concepto dise\u00f1o para todos es un movimiento que pretende crear la sensibilidad necesaria para que al dise\u00f1ar un producto o servicio se tengan en cuenta las necesidades de todos los posibles usuarios, incluyendo las personas con diferentes capacidades o discapacidades, es decir, favorecer un dise\u00f1o accesible para la diversidad humana. La inclusi\u00f3n social y la igualdad son t\u00e9rminos o conceptos m\u00e1s generalistas y filos\u00f3ficos. La dom\u00f3tica aplicada a favorecer la accesibilidad es un reto \u00e9tico y creativo pero sobre todo es la aplicaci\u00f3n de la tecnolog\u00eda en el campo m\u00e1s necesario, para suplir limitaciones funcionales de las personas, incluyendo las personas discapacitadas o mayores. El objetivo no es que las personas con discapacidad puedan acceder a estas tecnolog\u00edas, porque las tecnolog\u00edas en si no son un objetivo, sino un medio. El objetivo de estas tecnolog\u00edas es favorecer la autonom\u00eda personal. Los destinatarios de estas tecnolog\u00edas son todas las personas, independientemente de su condici\u00f3n de enfermedad, discapacidad o envejecimiento.<\/p>\n<p>Un sistema dom\u00f3tico orientado hacia el uso de personas con discapacidad incluye:1\u200b<\/p>\n<p>El registro y control del consumo de servicios en tiempo real: agua, energ\u00eda el\u00e9ctrica, gas, aire acondicionado o caldera.<br \/>\nLa vigilancia remota de lugares distantes o inaccesibles para esa persona.<br \/>\nLa transmisi\u00f3n de la informaci\u00f3n del usuario con sus familiares o cuidadores de forma constante y automatizada.<br \/>\nLa posibilidad de emitir mensajes de emergencia o activar alarmas en caso necesario.<br \/>\nLa programaci\u00f3n de ambientes preconfigurados con varios dispositivos enlazados.<br \/>\nEl sistema<br \/>\nArquitectura<br \/>\nDesde el punto de vista de donde reside la inteligencia del sistema dom\u00f3tico, hay varias arquitecturas diferentes:<\/p>\n<p>Arquitectura centralizada: un controlador centralizado recibe informaci\u00f3n de m\u00faltiples sensores y, una vez procesada, genera las \u00f3rdenes oportunas para los actuadores.<br \/>\nArquitectura distribuida: toda la inteligencia del sistema est\u00e1 distribuida por todos los m\u00f3dulos sean sensores o actuadores. Suele ser t\u00edpico de los sistemas de cableado en bus, o redes inal\u00e1mbricas.<br \/>\nArquitectura mixta: sistemas con arquitectura descentralizada en cuanto a que disponen de varios peque\u00f1os dispositivos capaces de adquirir y procesar la informaci\u00f3n de m\u00faltiples sensores y transmitirlos al resto de dispositivos distribuidos por la vivienda, p.ej. aquellos sistemas basados en ZigBee y totalmente inal\u00e1mbricos.<br \/>\nElementos de una instalaci\u00f3n dom\u00f3tica<br \/>\nCentral de gesti\u00f3n<br \/>\nSensores o detectores<br \/>\nActuadores<br \/>\nSoportes de comunicaci\u00f3n, como puede ser la red el\u00e9ctrica existente.<br \/>\nClasificaci\u00f3n de tecnolog\u00edas de redes dom\u00f3ticas<br \/>\nInterconexi\u00f3n de dispositivos:<br \/>\nIEEE 1394 (FireWire)<br \/>\nBluetooth<br \/>\nUSB<br \/>\nIrDA<br \/>\nRedes de control y automatizaci\u00f3n:<br \/>\nKNX<br \/>\nLonWorks<br \/>\nX10, que no necesita instalaci\u00f3n, ya que utiliza la red el\u00e9ctrica de la casa.<br \/>\nZigBee<br \/>\nZ-Wave<br \/>\nBus SCS<br \/>\nLCN Local Control Network<br \/>\nRedes de datos:<br \/>\nEthernet<br \/>\nHomePlug<br \/>\nHomePNA<br \/>\nWi-Fi<br \/>\nProtocolos<br \/>\ninBus es un protocolo de comunicaci\u00f3n que permite la comunicaci\u00f3n entre distintos m\u00f3dulos electr\u00f3nicos, no solo con funciones para la dom\u00f3tica, sino de cualquier tipo.<br \/>\nX10: Protocolo de comunicaciones para el control remoto de dispositivos el\u00e9ctricos, hace uso de los enchufes el\u00e9ctricos, sin necesidad de nuevo cableado. Puede funcionar correctamente para la mayor\u00eda de los usuarios dom\u00e9sticos. Es de c\u00f3digo abierto y el m\u00e1s difundido. Poco fiable frente a ruidos el\u00e9ctricos.<br \/>\nKNX\/EIB: Bus de Instalaci\u00f3n Europeo con m\u00e1s de 20 a\u00f1os y m\u00e1s de 100 fabricantes de productos compatibles entre s\u00ed.<br \/>\nZigBee: Protocolo est\u00e1ndar, recogido en el IEEE 802.15.4, de comunicaciones inal\u00e1mbrico.<br \/>\nOSGi: Open Services Gateway Initiative. Especificaciones abiertas de software que permita dise\u00f1ar plataformas compatibles que puedan proporcionar m\u00faltiples servicios. Ha sido pensada para su compatibilidad con Jini o UPnP.<br \/>\nLonWorks Protocolo abierto est\u00e1ndar ISO 14908-3 para el control distribuido de edificios, viviendas, industria y transporte.<br \/>\nUniversal Plug and Play (UPnP): Arquitectura software abierta y distribuida que permite el intercambio de informaci\u00f3n y datos a los dispositivos conectados a una red.<br \/>\nModbus Protocolo abierto que permite la comunicaci\u00f3n a trav\u00e9s de RS-485 (Modbus RTU) o a trav\u00e9s de Ethernet (Modbus TCP). Es el protocolo libre que lleva m\u00e1s a\u00f1os en el mercado y que dispone de un mayor n\u00famero de fabricantes de dispositivos, lejos de desactualizarse, los fabricantes siguen lanzando al mercado dispositivos con este protocolo continuamente.<br \/>\nBUSing es una tecnolog\u00eda de dom\u00f3tica distribuida, donde cada uno de los dispositivos conectados tiene autonom\u00eda propia, es \u201c\u00fatil\u201d por s\u00ed mismo.<br \/>\nINSTEON: Protocolo de comunicaci\u00f3n con topolog\u00eda de malla de banda doble a trav\u00e9s de corriente portadora y radio frecuencia.<br \/>\nComparativa de los protocolos m\u00e1s populares[editar]<br \/>\nProtocolo Red el\u00e9ctrica Radiofrecuencia \u00bfC\u00f3digo abierto? \u00bfNecesita cableado neutral?<br \/>\ninBus no s\u00ed s\u00ed, a trav\u00e9s de CI preprogramados no<br \/>\nC-Bus no s\u00ed s\u00ed no (usa category-5 UTP)<br \/>\nInsteon s\u00ed s\u00ed s\u00ed Generalmente<br \/>\nKNX s\u00ed s\u00ed s\u00ed no<br \/>\nUPB s\u00ed no no no<br \/>\nX10 s\u00ed s\u00ed s\u00ed no<br \/>\nZigBee no s\u00ed s\u00ed no<br \/>\nZ-Wave no s\u00ed no Generalmente lista Z-wave que necesita Neutral<br \/>\nLos que tienen mayor presencia en el Mercado son X10 y KNX.2\u200b<\/p>\n<p>Organizaciones<br \/>\nIEEE: The Institute of Electrical and Electronics Engineers, el Instituto de Ingenieros El\u00e9ctricos y Electr\u00f3nicos, una asociaci\u00f3n t\u00e9cnico-profesional mundial dedicada a la estandarizaci\u00f3n, entre otras cosas. Es la mayor asociaci\u00f3n internacional sin fines de lucro formada por profesionales de las nuevas tecnolog\u00edas, como ingenieros el\u00e9ctricos, ingenieros en electr\u00f3nica, cient\u00edficos de la computaci\u00f3n e ingenieros en telecomunicaci\u00f3n. A trav\u00e9s de sus miembros, m\u00e1s de 360.000 voluntarios en 175 pa\u00edses, el IEEE es una autoridad l\u00edder y de m\u00e1ximo prestigio en las \u00e1reas t\u00e9cnicas derivadas de la el\u00e9ctrica original: desde ingenier\u00eda computacional, tecnolog\u00edas biom\u00e9dica y aeroespacial, hasta las \u00e1reas de energ\u00eda el\u00e9ctrica, control, telecomunicaciones y electr\u00f3nica de consumo, entre otras.<br \/>\nCENELEC: Comit\u00e9 Europeo de Normalizaci\u00f3n Electrot\u00e9cnica. La Comisi\u00f3n CENELEC\/ENTR\/e-Europe\/2001-03 es la encargada de elaborar normas a nivel europeo y la organizaci\u00f3n que ha promocionado el Smart House Forum.<br \/>\nDOMOTYS: Asociaci\u00f3n empresarial que representa los intereses de las empresas, centros tecnol\u00f3gicos y universidades que conforman la cadena de valor del sector. Desde 2010 est\u00e1 reconocida como Agrupaci\u00f3n de Empresas Innovadoras (AEI) por el Ministerio de Industria, as\u00ed como Cl\u00faster de Empresas de Dom\u00f3tica, Inm\u00f3tica y Smart Cities por la Generalitat de Catalu\u00f1a. El objetivo de Domotys es trabajar por la mejora de la competitividad de las empresas a trav\u00e9s de cuatro l\u00edneas b\u00e1sicas de actuaci\u00f3n: la internacionalizaci\u00f3n, el fomento de la I+D+i, la formaci\u00f3n de los trabajadores y la b\u00fasqueda de financiaci\u00f3n para proyectos que lleven a cabo sus asociados.<br \/>\nCEDOM: Asociaci\u00f3n Espa\u00f1ola de Dom\u00f3tica. Su objetivo principal es la promoci\u00f3n de la Dom\u00f3tica. Se trata del foro nacional en el que se re\u00fanen todos los agentes del sector en Espa\u00f1a: fabricantes de productos dom\u00f3ticos, fabricantes de sistemas, instaladores, integradores, arquitecturas e ingenier\u00edas, centros de formaci\u00f3n, universidades, centros tecnol\u00f3gicos.<br \/>\nLonUsers Espa\u00f1a:Asociaci\u00f3n de usuarios de la tecnolog\u00eda LonWorks, siendo creada por la iniciativa de empresas l\u00edderes en los diferentes sectores de aplicaci\u00f3n de la tecnolog\u00eda LonWorks (dom\u00f3tica, inm\u00f3tica, control industrial y de transporte).<br \/>\nKNX Association:Es la Asociaci\u00f3n internacional para la promoci\u00f3n del protocolo de bus KNX. KNX es una tecnolog\u00eda de bus normalizada para todas las aplicaciones en la Automatizaci\u00f3n y Control para viviendas y edificios. Esta tecnolog\u00eda est\u00e1 basada en m\u00e1s de 20 a\u00f1os de experiencia en el mercado gracias a sus predecesores BatiBus, EIB y EHS, ninguno de los cuales ha conseguido penetraci\u00f3n en el mercado.<br \/>\nModbus Organization:Es la organizaci\u00f3n internacional de usuarios y fabricantes de dispositivos Modbus. Forman parte de esta asociaci\u00f3n los principales fabricantes de dispositivos, cuenta con una tradici\u00f3n de m\u00e1s de 30 a\u00f1os y cuenta con cientos de afiliados.<br \/>\nAlianza Z-wave: Es una alianza internacional establecida en 2005, compuesta por 375 compa\u00f1\u00edas que desarrollan productos con el protocolo inal\u00e1mbrico Z-wave. Garantizando la interoperabilidad de todos dispositivos que incorporan el est\u00e1ndar.<br \/>\nCEDIA<br \/>\nContinental Automated Buildings Association<br \/>\nDigital Living Network Alliance<br \/>\nLiving Tomorrow<br \/>\nMIT AgeLab<br \/>\nSIMO TCI<\/p>\n<p>Espa\u00f1a<br \/>\nEn Espa\u00f1a la dom\u00f3tica tiene presencia mediante multitud de empresas. Algunas de ellas fabrican equipamiento homologado de acuerdo a los est\u00e1ndares internacionales, mientras que otras se dedican a la implantaci\u00f3n de estos sistemas desde hace m\u00e1s de 14 a\u00f1os. Muestra de la gran actividad en este pa\u00eds es el hecho de que es el segundo a nivel mundial con mayor n\u00famero de KNX Partners, tan solo por detr\u00e1s de Alemania.3\u200b Cada dos a\u00f1os, empresas espa\u00f1olas participan en el concurso internacional KNX Awards, llegando a conseguirlo en varias ocasiones.<\/p>\n<p>Existen diversas asociaciones, entidades p\u00fablicas y agrupaciones empresariales sin \u00e1nimo de lucro cuyo principal objetivo es la implantaci\u00f3n y la innovaci\u00f3n de las empresas espa\u00f1olas en el \u00e1mbito de la dom\u00f3tica.<\/p>\n<p>&nbsp;<\/p>\n<p>Formaci\u00f3n<br \/>\nExisten m\u00faltiples centros privados y universidades que imparten una formaci\u00f3n de postgrado y homologada (m\u00e1ster). Adem\u00e1s, existen centros de formaci\u00f3n homologados por KNX association para la obtenci\u00f3n de la certificaci\u00f3n Partner KNX<\/p>\n<p>Por otro lado, la titulaci\u00f3n oficial de T\u00e9cnico en Instalaciones de telecomunicaciones, incluye entre sus funciones las de instalaci\u00f3n y mantenimiento de instalador-mantenedor de sistemas dom\u00f3ticos.<\/p>\n<p>V\u00e9ase tambi\u00e9n<br \/>\nActuador<br \/>\nAutomatizaci\u00f3n del hogar para ancianos y personas con discapacidad<br \/>\nAutomatizaci\u00f3n industrial<br \/>\nConducto el\u00e9ctrico<br \/>\nDetector<br \/>\nDimmer<br \/>\nDise\u00f1o para todos (tecnolog\u00edas de la informaci\u00f3n y de la comunicaci\u00f3n)<br \/>\nEstaci\u00f3n meteorol\u00f3gica autom\u00e1tica<br \/>\nHogar digital<br \/>\nHomeOS<br \/>\nIngenier\u00eda mecatr\u00f3nica<br \/>\nInm\u00f3tica<br \/>\nInstalaci\u00f3n el\u00e9ctrica<br \/>\nInternet de las Cosas<br \/>\nInterruptor<br \/>\nLectura de medici\u00f3n autom\u00e1tica<br \/>\nMiddleware<br \/>\nOpenwebnet<br \/>\nReconocimiento de gestos<br \/>\nRed dom\u00e9stica<br \/>\nRed el\u00e9ctrica inteligente<br \/>\nRobot dom\u00e9stico<br \/>\nSchuko<br \/>\nTarjeta SIM<br \/>\nTecnolog\u00eda adecuada<br \/>\nTeleasistencia<br \/>\nTelemedicina<br \/>\nUrb\u00f3tica<br \/>\nWi-Fi Direct<br \/>\nCSI (bus serie)<\/p>\n<p>\u00bfChateas con tu calefacci\u00f3n o frigor\u00edfico? Realidades dom\u00f3ticas que superar\u00e1n la ficci\u00f3n .<\/p>\n<p>(fuente wikipedia)<\/p>\n<p>&nbsp;<\/p>\n<p>Esto es solo un poco de lo que se puede conseguir con ella .<\/p>\n<p>Somos instaladores de Una de las mejores marcas del Mercado. Y seguimos creciendo en este campo.<\/p>\n<p>Pide informaci\u00f3n sin compromiso y te sorprender\u00e1 lo que podemos hacer.<\/p>\n<p><a href=\"http:\/\/www.comelitgroup.com\/es-es\/\">Comelit<\/a> \u00a0es uno de nuestros fabricantes de referencia.<\/p>\n","protected":false},"excerpt":{"rendered":"<p>Que es la dom\u00f3tica? Se llama dom\u00f3tica a los sistemas capaces de automatizar una vivienda o edificaci\u00f3n de cualquier tipo, [&hellip;]<\/p>\n","protected":false},"author":1,"featured_media":0,"parent":0,"menu_order":0,"comment_status":"closed","ping_status":"closed","template":"","meta":{"site-sidebar-layout":"default","site-content-layout":"","ast-site-content-layout":"default","site-content-style":"default","site-sidebar-style":"default","ast-global-header-display":"","ast-banner-title-visibility":"","ast-main-header-display":"","ast-hfb-above-header-display":"","ast-hfb-below-header-display":"","ast-hfb-mobile-header-display":"","site-post-title":"","ast-breadcrumbs-content":"","ast-featured-img":"","footer-sml-layout":"","ast-disable-related-posts":"","theme-transparent-header-meta":"","adv-header-id-meta":"","stick-header-meta":"","header-above-stick-meta":"","header-main-stick-meta":"","header-below-stick-meta":"","astra-migrate-meta-layouts":"default","ast-page-background-enabled":"default","ast-page-background-meta":{"desktop":{"background-color":"var(--ast-global-color-5)","background-image":"","background-repeat":"repeat","background-position":"center center","background-size":"auto","background-attachment":"scroll","background-type":"","background-media":"","overlay-type":"","overlay-color":"","overlay-opacity":"","overlay-gradient":""},"tablet":{"background-color":"","background-image":"","background-repeat":"repeat","background-position":"center center","background-size":"auto","background-attachment":"scroll","background-type":"","background-media":"","overlay-type":"","overlay-color":"","overlay-opacity":"","overlay-gradient":""},"mobile":{"background-color":"","background-image":"","background-repeat":"repeat","background-position":"center center","background-size":"auto","background-attachment":"scroll","background-type":"","background-media":"","overlay-type":"","overlay-color":"","overlay-opacity":"","overlay-gradient":""}},"ast-content-background-meta":{"desktop":{"background-color":"var(--ast-global-color-4)","background-image":"","background-repeat":"repeat","background-position":"center center","background-size":"auto","background-attachment":"scroll","background-type":"","background-media":"","overlay-type":"","overlay-color":"","overlay-opacity":"","overlay-gradient":""},"tablet":{"background-color":"var(--ast-global-color-4)","background-image":"","background-repeat":"repeat","background-position":"center center","background-size":"auto","background-attachment":"scroll","background-type":"","background-media":"","overlay-type":"","overlay-color":"","overlay-opacity":"","overlay-gradient":""},"mobile":{"background-color":"var(--ast-global-color-4)","background-image":"","background-repeat":"repeat","background-position":"center center","background-size":"auto","background-attachment":"scroll","background-type":"","background-media":"","overlay-type":"","overlay-color":"","overlay-opacity":"","overlay-gradient":""}},"footnotes":""},"class_list":["post-206","page","type-page","status-publish","hentry"],"_links":{"self":[{"href":"https:\/\/www.mitsl.com\/index.php?rest_route=\/wp\/v2\/pages\/206","targetHints":{"allow":["GET"]}}],"collection":[{"href":"https:\/\/www.mitsl.com\/index.php?rest_route=\/wp\/v2\/pages"}],"about":[{"href":"https:\/\/www.mitsl.com\/index.php?rest_route=\/wp\/v2\/types\/page"}],"author":[{"embeddable":true,"href":"https:\/\/www.mitsl.com\/index.php?rest_route=\/wp\/v2\/users\/1"}],"replies":[{"embeddable":true,"href":"https:\/\/www.mitsl.com\/index.php?rest_route=%2Fwp%2Fv2%2Fcomments&post=206"}],"version-history":[{"count":4,"href":"https:\/\/www.mitsl.com\/index.php?rest_route=\/wp\/v2\/pages\/206\/revisions"}],"predecessor-version":[{"id":642,"href":"https:\/\/www.mitsl.com\/index.php?rest_route=\/wp\/v2\/pages\/206\/revisions\/642"}],"wp:attachment":[{"href":"https:\/\/www.mitsl.com\/index.php?rest_route=%2Fwp%2Fv2%2Fmedia&parent=206"}],"curies":[{"name":"wp","href":"https:\/\/api.w.org\/{rel}","templated":true}]}}