{"id":265,"date":"2020-02-14T18:39:51","date_gmt":"2020-02-14T17:39:51","guid":{"rendered":"http:\/\/www.mitsl.com\/?page_id=265"},"modified":"2024-10-05T12:38:11","modified_gmt":"2024-10-05T11:38:11","slug":"sii-es-una-realidad","status":"publish","type":"page","link":"https:\/\/www.mitsl.com\/?page_id=265","title":{"rendered":"Batuz -TickeBai."},"content":{"rendered":"\n<p>El&nbsp;<a href=\"https:\/\/www.bizkaia.eus\/home2\/Temas\/DetalleTema.asp?Tem_Codigo=10616&amp;idioma=CA\">Suministro Inmediato de Informaci\u00f3n de IVA&nbsp;<\/a><strong><a href=\"https:\/\/www.bizkaia.eus\/home2\/Temas\/DetalleTema.asp?Tem_Codigo=10616&amp;idioma=CA\">(SII)<\/a><\/strong>&nbsp;ya es una realidad en Euskadi <\/p>\n\n\n\n<h2 class=\"wp-block-heading\">A quien afecta<\/h2>\n\n\n\n<p>Ya afecta  a todas las  empresas con una gran facturaci\u00f3n, que&nbsp;<strong>afectar\u00e1 a todas las pymes y aut\u00f3nomos, <\/strong> todos los sistemas antiguos, como las registradoras, tendr\u00e1n que modernizarse forzosamente a TPV u otros sistemas de control modernos con capacidad telem\u00e1tica.<\/p>\n\n\n\n<p>Este sistema ventajoso,&nbsp;<strong>consiste en declarar las facturas emitidas y recibidas Online<\/strong>, con lo que el fraude fiscal estar\u00e1 muy controlado.<\/p>\n\n\n\n<p>Esto, el que sea un control Online,&nbsp;<strong>deja fuera totalmente a las cajas registradoras<\/strong>, ya que estas no tienen la posibilidad de conectarse a internet ni de gestionar el IVA como quiere la Hacienda Vasca.<\/p>\n\n\n\n<h2 class=\"wp-block-heading\">Software<\/h2>\n\n\n\n<p>En la actualidad, ya existen programas de TPV capaz de hacerlo, Nuestra empresa  te informara y gestionara todo.<\/p>\n\n\n\n<h2 class=\"wp-block-heading\">Actualizaciones<\/h2>\n\n\n\n<p>Revise si su software de TPV recibe actualizaciones. De lo contrario, p\u00f3ngase en&nbsp;<a href=\"MAILTO:clientes@mitsl.com\" data-type=\"URL\" data-id=\"MAILTO:clientes@mitsl.com\">contacto<\/a>&nbsp;con un distribuidor y solic\u00edtelas. Si es imposible, cons\u00faltenos y nosotros le informaremos de las posibles soluciones.<\/p>\n\n\n\n<h2 class=\"wp-block-heading\">Conclusi\u00f3n<\/h2>\n\n\n\n<p>As\u00ed que, si est\u00e1 pensado en abrir un negocio <strong> tendr\u00e1 que poner un TPV<\/strong>&nbsp;que s\u00ed le permita remitir todas las facturas y series generadas por su negocio de manera telem\u00e1tica a la Hacienda Vasca.<\/p>\n\n\n\n<p>Adem\u00e1s, los precios actuales de los Tpvs, permiten hacerlo con muy poco esfuerzo econ\u00f3mico adicional.<br><\/p>\n\n\n\n<p><\/p>\n\n\n\n<p><strong>Mit est\u00e1 adaptado a TicketBai<\/strong><\/p>\n\n\n\n<h6 class=\"wp-block-heading\">TicketBAI es un proyecto compartido entre las tres Diputaciones Forales y el Gobierno Vasco que tiene como objetivo establecer una serie de obligaciones legales y t\u00e9cnicas, de modo que, a partir de la entrada en vigor de TicketBAI, todas las personas f\u00edsicas y jur\u00eddicas que realicen una actividad econ\u00f3mica deber\u00e1n utilizar un software de facturaci\u00f3n que cumpla los requisitos t\u00e9cnicos que se publiquen.<\/h6>\n\n\n\n<p><\/p>\n\n\n\n<figure class=\"wp-block-image\"><img decoding=\"async\" src=\"https:\/\/www.managersalon.com\/images\/ticketbai.png\" alt=\"Batuz TicketBai - Manager B\u00e1sico Peluquer\u00eda y Est\u00e9tica\"\/><\/figure>\n","protected":false},"excerpt":{"rendered":"<p>El&nbsp;Suministro Inmediato de Informaci\u00f3n de IVA&nbsp;(SII)&nbsp;ya es una realidad en Euskadi A quien afecta Ya afecta a todas las empresas [&hellip;]<\/p>\n","protected":false},"author":1,"featured_media":0,"parent":0,"menu_order":0,"comment_status":"closed","ping_status":"closed","template":"","meta":{"site-sidebar-layout":"default","site-content-layout":"","ast-site-content-layout":"default","site-content-style":"default","site-sidebar-style":"default","ast-global-header-display":"","ast-banner-title-visibility":"","ast-main-header-display":"","ast-hfb-above-header-display":"","ast-hfb-below-header-display":"","ast-hfb-mobile-header-display":"","site-post-title":"","ast-breadcrumbs-content":"","ast-featured-img":"","footer-sml-layout":"","ast-disable-related-posts":"","theme-transparent-header-meta":"","adv-header-id-meta":"","stick-header-meta":"","header-above-stick-meta":"","header-main-stick-meta":"","header-below-stick-meta":"","astra-migrate-meta-layouts":"default","ast-page-background-enabled":"default","ast-page-background-meta":{"desktop":{"background-color":"var(--ast-global-color-5)","background-image":"","background-repeat":"repeat","background-position":"center center","background-size":"auto","background-attachment":"scroll","background-type":"","background-media":"","overlay-type":"","overlay-color":"","overlay-opacity":"","overlay-gradient":""},"tablet":{"background-color":"","background-image":"","background-repeat":"repeat","background-position":"center center","background-size":"auto","background-attachment":"scroll","background-type":"","background-media":"","overlay-type":"","overlay-color":"","overlay-opacity":"","overlay-gradient":""},"mobile":{"background-color":"","background-image":"","background-repeat":"repeat","background-position":"center center","background-size":"auto","background-attachment":"scroll","background-type":"","background-media":"","overlay-type":"","overlay-color":"","overlay-opacity":"","overlay-gradient":""}},"ast-content-background-meta":{"desktop":{"background-color":"var(--ast-global-color-4)","background-image":"","background-repeat":"repeat","background-position":"center center","background-size":"auto","background-attachment":"scroll","background-type":"","background-media":"","overlay-type":"","overlay-color":"","overlay-opacity":"","overlay-gradient":""},"tablet":{"background-color":"var(--ast-global-color-4)","background-image":"","background-repeat":"repeat","background-position":"center center","background-size":"auto","background-attachment":"scroll","background-type":"","background-media":"","overlay-type":"","overlay-color":"","overlay-opacity":"","overlay-gradient":""},"mobile":{"background-color":"var(--ast-global-color-4)","background-image":"","background-repeat":"repeat","background-position":"center center","background-size":"auto","background-attachment":"scroll","background-type":"","background-media":"","overlay-type":"","overlay-color":"","overlay-opacity":"","overlay-gradient":""}},"footnotes":""},"class_list":["post-265","page","type-page","status-publish","hentry"],"_links":{"self":[{"href":"https:\/\/www.mitsl.com\/index.php?rest_route=\/wp\/v2\/pages\/265","targetHints":{"allow":["GET"]}}],"collection":[{"href":"https:\/\/www.mitsl.com\/index.php?rest_route=\/wp\/v2\/pages"}],"about":[{"href":"https:\/\/www.mitsl.com\/index.php?rest_route=\/wp\/v2\/types\/page"}],"author":[{"embeddable":true,"href":"https:\/\/www.mitsl.com\/index.php?rest_route=\/wp\/v2\/users\/1"}],"replies":[{"embeddable":true,"href":"https:\/\/www.mitsl.com\/index.php?rest_route=%2Fwp%2Fv2%2Fcomments&post=265"}],"version-history":[{"count":5,"href":"https:\/\/www.mitsl.com\/index.php?rest_route=\/wp\/v2\/pages\/265\/revisions"}],"predecessor-version":[{"id":654,"href":"https:\/\/www.mitsl.com\/index.php?rest_route=\/wp\/v2\/pages\/265\/revisions\/654"}],"wp:attachment":[{"href":"https:\/\/www.mitsl.com\/index.php?rest_route=%2Fwp%2Fv2%2Fmedia&parent=265"}],"curies":[{"name":"wp","href":"https:\/\/api.w.org\/{rel}","templated":true}]}}