{"id":341,"date":"2021-03-22T18:14:18","date_gmt":"2021-03-22T17:14:18","guid":{"rendered":"http:\/\/www.mitsl.com\/?page_id=341"},"modified":"2024-10-05T12:46:13","modified_gmt":"2024-10-05T11:46:13","slug":"cajon-inteligente","status":"publish","type":"page","link":"https:\/\/www.mitsl.com\/?page_id=341","title":{"rendered":"Caj\u00f3n Inteligente de Cobro"},"content":{"rendered":"\n<p id=\"block-82b5ca6f-8e66-4a50-9e70-9874dad6ef35\">Tu local pierde dinero&#8230;&#8230; \u00bflo sab\u00edas?<\/p>\n\n\n\n<p id=\"block-fafd5d72-cf2c-4087-b608-fab141d86712\">M\u00e1s del 60% de los negocios que manejan efectivo pierden dinero y no saben c\u00f3mo ni cuanto. Es estad\u00edstica y est\u00e1 demostrado.<\/p>\n\n\n\n<p id=\"block-4b29f543-7227-4f33-98ab-6d7245eb11ef\">\u00bfLos motivos?&nbsp;<\/p>\n\n\n\n<p id=\"block-21dae6b2-f353-49ae-ac18-8f3506b67103\"><strong>Descuadres de caja<\/strong>&nbsp;,&nbsp;<strong>peque\u00f1os&nbsp;robos diarios<\/strong> ,<strong>errores de cobro<\/strong> <strong>etc.<\/strong><\/p>\n\n\n\n<p id=\"block-b3c665a3-033d-4aec-8b68-100f2433e97b\">Con un caj\u00f3n de cobro dejar\u00e1s de perder dinero al instante.<\/p>\n\n\n\n<p id=\"block-1b84c49c-401e-41b1-bca5-601d28d8dabb\">Si pierdes m\u00e1s de 6\u20ac al d\u00eda, el equipo se paga solo a fin de mes. As\u00ed de f\u00e1cil.<\/p>\n\n\n\n<p id=\"block-bdc59e31-2b59-4c7e-bfad-7a36f21bb5bc\"><a href=\"mailto:clientes@mitsl.com\">SOLICITA UN PRESUPUESTO SIN COMPROMISO<\/a><\/p>\n\n\n\n<p id=\"block-e1db0284-1a89-41c1-8276-2e0ff932359a\">Te lo montamos en tu negocio&nbsp; disponemos varia opciones a tu medida.<\/p>\n\n\n\n<h3 class=\"wp-block-heading\" id=\"block-6a4b0bd4-d2bc-457d-9869-6e4d87723390\">ALQUILER<\/h3>\n\n\n\n<p id=\"block-6f469e15-98ca-4859-9e6c-2c04015ecc61\">Alquiler de la m\u00e1quina, con una entrada inicial y una cuota mensual que incluye el mantenimiento para cualquier asistencia t\u00e9cnica y la garant\u00eda en piezas durante el per\u00edodo del alquiler<\/p>\n\n\n\n<h3 class=\"wp-block-heading\" id=\"block-86ba7651-033d-4064-855b-a98c539a0ac8\">COMPRA<\/h3>\n\n\n\n<p id=\"block-25f2e10f-fa79-4fa2-acbf-25a3ceceeb8a\">Compra del caj\u00f3n autom\u00e1tico, al mejor precio, con importantes descuentos respecto a otros distribuidores<\/p>\n\n\n\n<h3 class=\"wp-block-heading\" id=\"block-d2c66894-8f58-4363-9992-77892975b868\">RENTING<\/h3>\n\n\n\n<p id=\"block-d384fa8e-99c2-4a41-86f1-288ed27cb391\">Adquisici\u00f3n en renting, consultaremos con nuestras entidades colaboradoras el mejor precio<\/p>\n\n\n\n<h2 class=\"wp-block-heading\" id=\"block-deca96dc-fd7b-4f4d-968f-550ea7e76579\">Ventajas de una M\u00e1quina de cobro autom\u00e1tico<\/h2>\n\n\n\n<p id=\"block-ff911049-ec23-4dba-962a-fd3226a47871\">Descubre los beneficios al usar un&nbsp;<strong>caj\u00f3n inteligente de cobro&nbsp;<\/strong>en tu negocio.<br>Cada vez hay m\u00e1s maquinas para cobrar en tiendas que funcionan de forma autom\u00e1tica.<\/p>\n\n\n\n<h3 class=\"wp-block-heading\" id=\"block-0086d837-26c6-45ab-ad79-5753a1ff2a5d\">Evita robos y errores<\/h3>\n\n\n\n<p id=\"block-02da805e-54bf-4cd5-a952-eb7fca90e19f\">Los errores en cobro y devoluci\u00f3n son una mala experiencia para los clientes y una falta de confianza hacia los empleados. La mayor\u00eda de empresas que instalan cajones inteligentes lo hacen por motivos de seguridad. El caj\u00f3n dispone de retardo de apertura programado antirrobo.<\/p>\n\n\n\n<h3 class=\"wp-block-heading\" id=\"block-e73eff3b-4245-4ed2-8f56-1287f30c1782\">Cobros en efectivo f\u00e1ciles<\/h3>\n\n\n\n<p id=\"block-82621baf-e0d4-446f-9944-be6ca6210e0c\">Las tarjetas no suelen dar problemas. En cambio, el cobro en efectivo tiene unas peculiaridades y riesgos asociados. Minimizar los errores en la devoluci\u00f3n del efectivo aumenta la satisfacci\u00f3n del cliente. El mantenimiento de nuestros equipos es f\u00e1cil y no requiere de conocimientos especializados.<\/p>\n\n\n\n<h3 class=\"wp-block-heading\" id=\"block-512dc7f0-82f3-410d-80e2-83e81f712420\">Adi\u00f3s al descuadre de caja<\/h3>\n\n\n\n<p id=\"block-a89f7c4d-70db-4bae-b32b-6cf4b31522ea\">\u00a1La caja siempre cuadra! El caj\u00f3n inteligente siempre sabe cu\u00e1nto efectivo tiene y su distribuci\u00f3n. Cuando finaliza la jornada laboral, el cierre de caja se simplifica, ahorrando tiempo y p\u00e9rdidas por descuadre. Al ser autom\u00e1tico, las tareas back-office quedan libres de errores.<\/p>\n\n\n\n<h3 class=\"wp-block-heading\" id=\"block-63496db4-9917-4d66-80f9-a34c196bb851\">Sistema higi\u00e9nico<\/h3>\n\n\n\n<p id=\"block-dc9d9a22-36b1-4aaf-aa90-10335760c85e\">Las personas que manipulan el g\u00e9nero de tu negocio no tienen por qu\u00e9 tocar el dinero de los clientes. Los billetes y monedas pasan por muchas manos y contienen miles de g\u00e9rmenes. Adem\u00e1s, el cliente valora de manera muy positiva que te preocupes por su seguridad. \u00a1Menos problemas!<\/p>\n\n\n\n<h3 class=\"wp-block-heading\" id=\"block-b8022100-5867-469b-b7c3-8a1818590dd7\">No te quedar\u00e1s sin cambio<\/h3>\n\n\n\n<p id=\"block-a98a8146-68a9-40e1-a1f5-6605a9f662ed\">Establece pol\u00edticas eficientes en las devoluciones del efectivo en cada compra. Gracias a los sensores, el caj\u00f3n es inteligente y sabe cu\u00e1nto efectivo hay disponible en los compartimentos recicla-monedas. Adem\u00e1s emite notificaciones si hay escasez. \u00a1Ya no te quedar\u00e1s sin cambio!<\/p>\n\n\n\n<h3 class=\"wp-block-heading\" id=\"block-b186c042-3397-4c5c-bcca-c7601b5e5c7a\">Detecci\u00f3n de billetes falsos<\/h3>\n\n\n\n<p id=\"block-5ccf2a72-a3da-451a-8705-6f07a3e1ae2b\">\u00bfTe han colado alg\u00fan billete falso? En Espa\u00f1a se interceptan m\u00e1s de medio mill\u00f3n de billetes no legales cada a\u00f1o. El empresario pierde el producto y adem\u00e1s devuelve el cambio con moneda legal. El caj\u00f3n analiza el efectivo que entra y lo verifica al momento gracias a los sensores l\u00e1ser.<\/p>\n\n\n\n<h2 class=\"wp-block-heading\" id=\"block-b9cdbdf4-3a16-44fc-ad8c-9cc13cbff1c5\">Somos expertos en TPV<\/h2>\n\n\n\n<p id=\"block-e903ed2f-9736-4ab4-a7a0-9c54a0d9e838\">En nuestra oficina de Bilbao podr\u00e1s experimentar qu\u00e9 es tener un restaurante o cafeter\u00eda digitalizados. Prueba el TPV t\u00e1ctil de Pos con las impresoras y las comanderas inal\u00e1mbricas. \u00a1Tomar las notas a mano es cosa del pasado! Integrar un sistema digital en hosteler\u00eda te permitir\u00e1 minimizar los errores, las mermas y las p\u00e9rdidas econ\u00f3micas en tu negocio.<\/p>\n\n\n\n<p>    Distribuidor<a href=\"https:\/\/www.googleadservices.com\/pagead\/aclk?sa=L&amp;ai=DChcSEwigrJTghvnwAhVM0-0KHdP2C-YYABABGgJkZw&amp;ae=2&amp;ohost=www.google.com&amp;cid=CAESQeD27YM7NOYZUp2pcBNcAA62AD9V4YFNX4hs5INd0Qet5aEEt0rG28tcnSOMF5oOjkloZQ3_-sGBwdKU_UFNMFOp&amp;sig=AOD64_0lpMEBfaHr3aPtv9O6DkCxbn8R9A&amp;q&amp;adurl&amp;ved=2ahUKEwio74zghvnwAhWWRUEAHdaDAGgQ0Qx6BAgCEAE\"> <\/a>Oficial<a href=\"http:\/\/bdp.es\" data-type=\"URL\" data-id=\"bdp.es\"> <\/a><a href=\"https:\/\/www.bdpcenter.com\/\" data-type=\"URL\" data-id=\"https:\/\/www.bdpcenter.com\/\">https:\/\/www.bdpcenter.com\/<\/a><\/p>\n\n\n\n<p><a href=\"https:\/\/www.agorapos.com\/\" data-type=\"URL\" data-id=\"https:\/\/www.agorapos.com\/\">Agora &#8211; Sistema homologado Ticketbai<\/a><\/p>\n\n\n\n<p><a href=\"http:\/\/www.bdpcenter.com\/\">Bdp &#8211; Sistema homologado Ticketbai<\/a><\/p>\n\n\n\n<p><a href=\"http:\/\/www.bdpcenter.com\/\">glop- <\/a><a href=\"https:\/\/www.glop.es\/\" data-type=\"URL\" data-id=\"https:\/\/www.glop.es\/\">Sistema<\/a><a href=\"http:\/\/www.bdpcenter.com\/\"> homologado Ticketbai<\/a><\/p>\n\n\n\n<p class=\"has-text-align-center\" id=\"block-0c2d4495-de1e-4190-90f6-8d4945d4b84f\"><strong>Pide tu demo sin compromiso.<\/strong><\/p>\n\n\n\n<p id=\"block-9a3a4182-212b-4711-8fd6-7426fb170a05\"><a href=\"mailto:clientes@mitsl.com\">clientes@mitsl.com<\/a>   al telefono 944 130 880<\/p>\n\n\n\n<p><\/p>\n\n\n\n<figure class=\"wp-block-image size-full is-resized\"><img loading=\"lazy\" decoding=\"async\" width=\"134\" height=\"102\" src=\"https:\/\/www.mitsl.com\/wp-content\/uploads\/2024\/10\/image.jpeg\" alt=\"Resultado de im\u00e1genes de Azkoyen M\u00e1quinas de cobro autom\u00e1tico\" class=\"wp-image-652\" style=\"width:187px;height:auto\"\/><\/figure>\n\n\n\n<p><\/p>\n","protected":false},"excerpt":{"rendered":"<p>Tu local pierde dinero&#8230;&#8230; \u00bflo sab\u00edas? M\u00e1s del 60% de los negocios que manejan efectivo pierden dinero y no saben [&hellip;]<\/p>\n","protected":false},"author":1,"featured_media":0,"parent":0,"menu_order":0,"comment_status":"closed","ping_status":"closed","template":"","meta":{"site-sidebar-layout":"default","site-content-layout":"","ast-site-content-layout":"default","site-content-style":"default","site-sidebar-style":"default","ast-global-header-display":"","ast-banner-title-visibility":"","ast-main-header-display":"","ast-hfb-above-header-display":"","ast-hfb-below-header-display":"","ast-hfb-mobile-header-display":"","site-post-title":"","ast-breadcrumbs-content":"","ast-featured-img":"","footer-sml-layout":"","ast-disable-related-posts":"","theme-transparent-header-meta":"","adv-header-id-meta":"","stick-header-meta":"","header-above-stick-meta":"","header-main-stick-meta":"","header-below-stick-meta":"","astra-migrate-meta-layouts":"default","ast-page-background-enabled":"default","ast-page-background-meta":{"desktop":{"background-color":"var(--ast-global-color-5)","background-image":"","background-repeat":"repeat","background-position":"center center","background-size":"auto","background-attachment":"scroll","background-type":"","background-media":"","overlay-type":"","overlay-color":"","overlay-opacity":"","overlay-gradient":""},"tablet":{"background-color":"","background-image":"","background-repeat":"repeat","background-position":"center center","background-size":"auto","background-attachment":"scroll","background-type":"","background-media":"","overlay-type":"","overlay-color":"","overlay-opacity":"","overlay-gradient":""},"mobile":{"background-color":"","background-image":"","background-repeat":"repeat","background-position":"center center","background-size":"auto","background-attachment":"scroll","background-type":"","background-media":"","overlay-type":"","overlay-color":"","overlay-opacity":"","overlay-gradient":""}},"ast-content-background-meta":{"desktop":{"background-color":"var(--ast-global-color-4)","background-image":"","background-repeat":"repeat","background-position":"center center","background-size":"auto","background-attachment":"scroll","background-type":"","background-media":"","overlay-type":"","overlay-color":"","overlay-opacity":"","overlay-gradient":""},"tablet":{"background-color":"var(--ast-global-color-4)","background-image":"","background-repeat":"repeat","background-position":"center center","background-size":"auto","background-attachment":"scroll","background-type":"","background-media":"","overlay-type":"","overlay-color":"","overlay-opacity":"","overlay-gradient":""},"mobile":{"background-color":"var(--ast-global-color-4)","background-image":"","background-repeat":"repeat","background-position":"center center","background-size":"auto","background-attachment":"scroll","background-type":"","background-media":"","overlay-type":"","overlay-color":"","overlay-opacity":"","overlay-gradient":""}},"footnotes":""},"class_list":["post-341","page","type-page","status-publish","hentry"],"_links":{"self":[{"href":"https:\/\/www.mitsl.com\/index.php?rest_route=\/wp\/v2\/pages\/341","targetHints":{"allow":["GET"]}}],"collection":[{"href":"https:\/\/www.mitsl.com\/index.php?rest_route=\/wp\/v2\/pages"}],"about":[{"href":"https:\/\/www.mitsl.com\/index.php?rest_route=\/wp\/v2\/types\/page"}],"author":[{"embeddable":true,"href":"https:\/\/www.mitsl.com\/index.php?rest_route=\/wp\/v2\/users\/1"}],"replies":[{"embeddable":true,"href":"https:\/\/www.mitsl.com\/index.php?rest_route=%2Fwp%2Fv2%2Fcomments&post=341"}],"version-history":[{"count":14,"href":"https:\/\/www.mitsl.com\/index.php?rest_route=\/wp\/v2\/pages\/341\/revisions"}],"predecessor-version":[{"id":653,"href":"https:\/\/www.mitsl.com\/index.php?rest_route=\/wp\/v2\/pages\/341\/revisions\/653"}],"wp:attachment":[{"href":"https:\/\/www.mitsl.com\/index.php?rest_route=%2Fwp%2Fv2%2Fmedia&parent=341"}],"curies":[{"name":"wp","href":"https:\/\/api.w.org\/{rel}","templated":true}]}}