{"id":632,"date":"2024-02-20T12:45:43","date_gmt":"2024-02-20T11:45:43","guid":{"rendered":"https:\/\/www.mitsl.com\/?page_id=632"},"modified":"2024-02-20T12:47:57","modified_gmt":"2024-02-20T11:47:57","slug":"distritok","status":"publish","type":"page","link":"https:\/\/www.mitsl.com\/?page_id=632","title":{"rendered":"DistritoK"},"content":{"rendered":"\n<p>Ya somos distribuidores del mejor software de gesti\u00f3n del mercado..<\/p>\n\n\n\n<figure class=\"wp-block-image is-resized\"><a href=\"#\"><img decoding=\"async\" src=\"http:\/\/www.distritok.com\/distritok\/banners\/banner-Distrito-K-rectangular.gif\" alt=\"Banner Distrito K\" style=\"width:882px;height:auto\"\/><\/a><\/figure>\n\n\n<p><!--Popup m\u00e1s informaci\u00f3n--><\/p>\n<div class=\"popupdk\" data-popup=\"popup-banner\">\n<div class=\"popup-innerdk popupdkcontenedor\">\n<div class=\"mensajedk\">\n<div class=\"grupotextodk\">\n<h1>Soluciones de gesti\u00f3n <span>adaptables, fiables y estables<\/span><\/h1>\n<h2>Somos distribuidores de la gama de software de gesti\u00f3n de Distrito K.<\/h2>\n<h3>Soluciones de gesti\u00f3n empresarial, distribuci\u00f3n, fabricaci\u00f3n, reparaciones,<br \/>\nproyectos, trazabilidad, comercio electr\u00f3nico, movilidad, construcci\u00f3n, comercio, textil,<br \/>\nalimentaci\u00f3n&#8230; son algunos de los sectores que abarca nuestra gama de software.<\/h3>\n<h3>Solicite informaci\u00f3n y precio sin compromiso.<\/h3>\n<div class=\"logosprogramasdk\">\n<img decoding=\"async\" src=\"http:\/\/www.distritok.com\/distritok\/banners\/logo-pyme.png\"\nwidth=\"84\" height=\"33\" alt=\"Programa de gesti\u00f3n SQL Pyme\"><br \/>\n<img decoding=\"async\" src=\"http:\/\/www.distritok.com\/distritok\/banners\/logo-conta.png\"\nwidth=\"91\" height=\"33\" alt=\"Programa de contabilidad SQL Conta\"><br \/>\n<img decoding=\"async\" src=\"http:\/\/www.distritok.com\/distritok\/banners\/logo-obras.png\"\nwidth=\"92\" height=\"33\" alt=\"Programa de construcci\u00f3n SQL Obras\"><br \/>\n<img decoding=\"async\" src=\"http:\/\/www.distritok.com\/distritok\/banners\/logo-tpv.png\" width=\"74\"\nheight=\"33\" alt=\"Programa para tiendas SQL TPV\">\n<\/div>\n<\/div>\n<\/div>\n<div class=\"bannerimagendk\">\n<img class=\"logodistrito\"\nsrc=\"http:\/\/www.distritok.com\/distritok\/banners\/logo-distrito-k.png\"\nwidth=\"150\" height=\"59\" alt=\"Logo Distrito K\"><\/p>\n<h2>Software de <span>gesti\u00f3n<\/span><\/h2>\n<p><img decoding=\"async\" src=\"http:\/\/www.distritok.com\/distritok\/banners\/software-gestion.png\"\nwidth=\"480\" height=\"265\" alt=\"Software de gesti\u00f3n de Distrito K\"><\/p>\n<div class=\"botoncontactodistribuidordk\">\n<a href=\"mailto:clientes@mitsl.com\">CONTACTE CON NOSOTROS<\/a>\n<\/div>\n<\/div>\n<p><a class=\"popup-closedk\" data-popup-close=\"popup-banner\" href=\"#\"><br \/>\n<i class=\"fas fa-times\"><\/i><\/a>\n<\/div>\n<\/div>\n<p><!--Fin de Popup m\u00e1s informaci\u00f3n--><\/p>","protected":false},"excerpt":{"rendered":"<p>Ya somos distribuidores del mejor software de gesti\u00f3n del mercado.. Soluciones de gesti\u00f3n adaptables, fiables y estables Somos distribuidores de [&hellip;]<\/p>\n","protected":false},"author":1,"featured_media":0,"parent":0,"menu_order":0,"comment_status":"closed","ping_status":"closed","template":"","meta":{"site-sidebar-layout":"default","site-content-layout":"","ast-site-content-layout":"default","site-content-style":"default","site-sidebar-style":"default","ast-global-header-display":"","ast-banner-title-visibility":"","ast-main-header-display":"","ast-hfb-above-header-display":"","ast-hfb-below-header-display":"","ast-hfb-mobile-header-display":"","site-post-title":"","ast-breadcrumbs-content":"","ast-featured-img":"","footer-sml-layout":"","ast-disable-related-posts":"","theme-transparent-header-meta":"","adv-header-id-meta":"","stick-header-meta":"","header-above-stick-meta":"","header-main-stick-meta":"","header-below-stick-meta":"","astra-migrate-meta-layouts":"default","ast-page-background-enabled":"default","ast-page-background-meta":{"desktop":{"background-color":"var(--ast-global-color-5)","background-image":"","background-repeat":"repeat","background-position":"center center","background-size":"auto","background-attachment":"scroll","background-type":"","background-media":"","overlay-type":"","overlay-color":"","overlay-opacity":"","overlay-gradient":""},"tablet":{"background-color":"","background-image":"","background-repeat":"repeat","background-position":"center center","background-size":"auto","background-attachment":"scroll","background-type":"","background-media":"","overlay-type":"","overlay-color":"","overlay-opacity":"","overlay-gradient":""},"mobile":{"background-color":"","background-image":"","background-repeat":"repeat","background-position":"center center","background-size":"auto","background-attachment":"scroll","background-type":"","background-media":"","overlay-type":"","overlay-color":"","overlay-opacity":"","overlay-gradient":""}},"ast-content-background-meta":{"desktop":{"background-color":"var(--ast-global-color-4)","background-image":"","background-repeat":"repeat","background-position":"center center","background-size":"auto","background-attachment":"scroll","background-type":"","background-media":"","overlay-type":"","overlay-color":"","overlay-opacity":"","overlay-gradient":""},"tablet":{"background-color":"var(--ast-global-color-4)","background-image":"","background-repeat":"repeat","background-position":"center center","background-size":"auto","background-attachment":"scroll","background-type":"","background-media":"","overlay-type":"","overlay-color":"","overlay-opacity":"","overlay-gradient":""},"mobile":{"background-color":"var(--ast-global-color-4)","background-image":"","background-repeat":"repeat","background-position":"center center","background-size":"auto","background-attachment":"scroll","background-type":"","background-media":"","overlay-type":"","overlay-color":"","overlay-opacity":"","overlay-gradient":""}},"footnotes":""},"class_list":["post-632","page","type-page","status-publish","hentry"],"_links":{"self":[{"href":"https:\/\/www.mitsl.com\/index.php?rest_route=\/wp\/v2\/pages\/632","targetHints":{"allow":["GET"]}}],"collection":[{"href":"https:\/\/www.mitsl.com\/index.php?rest_route=\/wp\/v2\/pages"}],"about":[{"href":"https:\/\/www.mitsl.com\/index.php?rest_route=\/wp\/v2\/types\/page"}],"author":[{"embeddable":true,"href":"https:\/\/www.mitsl.com\/index.php?rest_route=\/wp\/v2\/users\/1"}],"replies":[{"embeddable":true,"href":"https:\/\/www.mitsl.com\/index.php?rest_route=%2Fwp%2Fv2%2Fcomments&post=632"}],"version-history":[{"count":2,"href":"https:\/\/www.mitsl.com\/index.php?rest_route=\/wp\/v2\/pages\/632\/revisions"}],"predecessor-version":[{"id":634,"href":"https:\/\/www.mitsl.com\/index.php?rest_route=\/wp\/v2\/pages\/632\/revisions\/634"}],"wp:attachment":[{"href":"https:\/\/www.mitsl.com\/index.php?rest_route=%2Fwp%2Fv2%2Fmedia&parent=632"}],"curies":[{"name":"wp","href":"https:\/\/api.w.org\/{rel}","templated":true}]}}